{"id":10529,"date":"2019-05-09T16:40:01","date_gmt":"2019-05-09T21:40:01","guid":{"rendered":"https:\/\/gqspcolombia.org\/fase1-quimicos\/?page_id=10529"},"modified":"2023-05-26T13:19:32","modified_gmt":"2023-05-26T18:19:32","slug":"gqsp-colombia","status":"publish","type":"page","link":"https:\/\/gqspcolombia.org\/fase1-quimicos\/gqsp-colombia\/","title":{"rendered":"GQSP Colombia \u2013 PROGRAMA DE CALIDAD PARA LA CADENA DE QU\u00cdMICOS"},"content":{"rendered":"<div class=\"wpb-content-wrapper\"><p>[vc_section full_width=&#8221;stretch_row&#8221; css=&#8221;.vc_custom_1559766644520{background-image: url(https:\/\/gqspcolombia.org\/fase1-quimicos\/wp-content\/uploads\/2019\/05\/fondo-gra.jpg?id=12404) !important;background-position: center !important;background-repeat: no-repeat !important;background-size: cover !important;}&#8221;][vc_row full_width=&#8221;stretch_row&#8221; css=&#8221;.vc_custom_1559780527424{background-position: center !important;background-repeat: no-repeat !important;background-size: cover !important;}&#8221;][vc_column][vc_custom_heading text=&#8221;\u00bfQu\u00e9 es?&#8221; font_container=&#8221;tag:h1|text_align:center|color:%23981f65&#8243; use_theme_fonts=&#8221;yes&#8221;][vc_empty_space height=&#8221;2px&#8221; css=&#8221;.vc_custom_1558550723165{border-bottom-width: 2px !important;border-bottom-color: #000000 !important;border-bottom-style: solid !important;}&#8221;][vc_empty_space][vc_column_text]<\/p>\n<div class=\"page\" title=\"Page 4\">\n<div class=\"section\">\n<div class=\"layoutArea\">\n<div class=\"column\">\n<div class=\"page\" title=\"Page 5\">\n<div class=\"section\">\n<div class=\"layoutArea\">\n<div class=\"column\">\n<p><strong>GQSP Colombia &#8211; Programa de Calidad para la Cadena de Qui\u0301micos<\/strong>, es un proyecto pai\u0301s del Programa Global de Calidad y Normas, que adema\u0301s del apoyo financiero y te\u0301cnico de la cooperacio\u0301n ONUDI-SECO, cuenta con una importante contribucio\u0301n del Ministerio de Comercio, Industria y Turismo y Colombia Productiva como contraparte nacional.<\/p>\n<p>&nbsp;<\/p>\n<p>El Programa brindara\u0301 asistencia te\u0301cnica durante cuatro an\u0303os (2019-2022), apoyando los esfuerzos sistema\u0301ticos de Colombia para mejorar la competitividad de su economi\u0301a y diversificar sus exportaciones, fortaleciendo la infraestructura nacional de la calidad y la capacidad de cumplimiento de esta\u0301ndares internacionales de las mipymes que hacen parte de la cadena de qui\u0301micos.<\/p>\n<\/div>\n<\/div>\n<\/div>\n<\/div>\n<\/div>\n<\/div>\n<\/div>\n<\/div>\n<p>[\/vc_column_text][\/vc_column][\/vc_row][vc_row full_width=&#8221;stretch_row&#8221; css=&#8221;.vc_custom_1559766240090{padding-top: 0px !important;padding-bottom: 0px !important;background-position: center !important;background-repeat: no-repeat !important;background-size: cover !important;}&#8221; el_id=&#8221;quien&#8221;][vc_column][vc_empty_space height=&#8221;0px&#8221;][\/vc_column][\/vc_row][vc_row full_width=&#8221;stretch_row&#8221; css=&#8221;.vc_custom_1559844177013{padding-top: 50px !important;padding-bottom: 0px !important;background-position: center !important;background-repeat: no-repeat !important;background-size: cover !important;}&#8221;][vc_column][vc_custom_heading text=&#8221;\u00bfA qui\u00e9n va dirigido?&#8221; font_container=&#8221;tag:h1|text_align:center|color:%23d23d43&#8243; use_theme_fonts=&#8221;yes&#8221;][vc_empty_space height=&#8221;2px&#8221; css=&#8221;.vc_custom_1558550723165{border-bottom-width: 2px !important;border-bottom-color: #000000 !important;border-bottom-style: solid !important;}&#8221;][vc_empty_space][vc_column_text]<strong>1. Mipymes<\/strong> de las agrupaciones industriales que componen la cadena de qui\u0301micos, en los sectores de:[\/vc_column_text][vc_row_inner][vc_column_inner width=&#8221;1\/5&#8243;][vc_single_image image=&#8221;12637&#8243; img_size=&#8221;full&#8221; alignment=&#8221;center&#8221;][vc_custom_heading text=&#8221;Qui\u0301mica Ba\u0301sica&#8221; font_container=&#8221;tag:p|text_align:center&#8221; use_theme_fonts=&#8221;yes&#8221;][\/vc_column_inner][vc_column_inner width=&#8221;1\/5&#8243;][vc_single_image image=&#8221;12638&#8243; img_size=&#8221;full&#8221; alignment=&#8221;center&#8221;][vc_custom_heading text=&#8221;Agroqui\u0301micos&#8221; font_container=&#8221;tag:p|text_align:center&#8221; use_theme_fonts=&#8221;yes&#8221;][\/vc_column_inner][vc_column_inner width=&#8221;1\/5&#8243;][vc_single_image image=&#8221;12639&#8243; img_size=&#8221;full&#8221; alignment=&#8221;center&#8221;][vc_custom_heading text=&#8221;Pla\u0301sticos y Pinturas&#8221; font_container=&#8221;tag:p|text_align:center&#8221; use_theme_fonts=&#8221;yes&#8221;][\/vc_column_inner][vc_column_inner width=&#8221;1\/5&#8243;][vc_single_image image=&#8221;12640&#8243; img_size=&#8221;full&#8221; alignment=&#8221;center&#8221;][vc_custom_heading text=&#8221;Cosme\u0301ticos y Aseo&#8221; font_container=&#8221;tag:p|text_align:center&#8221; use_theme_fonts=&#8221;yes&#8221;][\/vc_column_inner][vc_column_inner width=&#8221;1\/5&#8243;][vc_single_image image=&#8221;12641&#8243; img_size=&#8221;full&#8221; alignment=&#8221;center&#8221;][vc_custom_heading text=&#8221;Farmace\u0301uticos&#8221; font_container=&#8221;tag:p|text_align:center&#8221; use_theme_fonts=&#8221;yes&#8221;][\/vc_column_inner][\/vc_row_inner][vc_empty_space][vc_empty_space][vc_column_text]<strong>2. Laboratorios de Ensayo\/Organismos Evaluadores de la Conformidad. <\/strong><\/p>\n<p>&nbsp;<\/p>\n<p><strong>3. Entidades del Subsistema Nacional de la Calidad &#8211; SICAL.<\/strong>[\/vc_column_text][\/vc_column][\/vc_row][vc_row el_id=&#8221;comolohacemos&#8221;][vc_column][vc_empty_space height=&#8221;80px&#8221;][\/vc_column][\/vc_row][vc_row full_width=&#8221;stretch_row&#8221;][vc_column][vc_row_inner][vc_column_inner][vc_custom_heading text=&#8221;\u00bfC\u00f3mo lo hacemos?&#8221; font_container=&#8221;tag:h3|text_align:center|color:%23c02359&#8243; use_theme_fonts=&#8221;yes&#8221; css=&#8221;.vc_custom_1558559814299{padding-top: 10px !important;padding-bottom: 10px !important;}&#8221;][vc_empty_space height=&#8221;2px&#8221; css=&#8221;.vc_custom_1558550723165{border-bottom-width: 2px !important;border-bottom-color: #000000 !important;border-bottom-style: solid !important;}&#8221;][vc_empty_space][vc_column_text]<\/p>\n<div class=\"page\" title=\"Page 5\">\n<div class=\"section\">\n<div class=\"layoutArea\">\n<div class=\"column\">\n<p>Bajo un enfoque siste\u0301mico e integrador de los diferentes actores que hacen parte del ecosistema productivo de la Cadena de Qui\u0301micos, en lo relativo a temas de calidad, el GQSP Colombia trabaja en tres a\u0301reas de intervencio\u0301n:<\/p>\n<\/div>\n<\/div>\n<\/div>\n<\/div>\n<p>[\/vc_column_text][vc_empty_space][vc_custom_heading text=&#8221;Fortalecimiento de actores de la Cadena de Qui\u0301micos&#8221; font_container=&#8221;tag:h4|text_align:center|color:%23c02359&#8243; use_theme_fonts=&#8221;yes&#8221; css=&#8221;.vc_custom_1559770668078{padding-top: 10px !important;padding-bottom: 10px !important;}&#8221;][vc_empty_space][vc_column_text]<\/p>\n<div class=\"page\" title=\"Page 6\">\n<div class=\"layoutArea\">\n<div class=\"column\">\n<p>Mejoramiento de la capacidad de las <strong>mipymes de la Cadena de Qui\u0301micos<\/strong> para cumplir requisitos internacionales, normas de calidad y de sostenibilidad a trave\u0301s de:<\/p>\n<\/div>\n<\/div>\n<\/div>\n<p>[\/vc_column_text][vc_single_image image=&#8221;12820&#8243; img_size=&#8221;full&#8221; alignment=&#8221;right&#8221;][vc_empty_space][vc_custom_heading text=&#8221;Mejoramiento de la Infraestructura de la Calidad&#8221; font_container=&#8221;tag:h4|text_align:center|color:%23c02359&#8243; use_theme_fonts=&#8221;yes&#8221; css=&#8221;.vc_custom_1559770683643{padding-top: 10px !important;padding-bottom: 10px !important;}&#8221;][vc_empty_space][vc_column_text]<\/p>\n<div class=\"page\" title=\"Page 6\">\n<div class=\"layoutArea\">\n<div class=\"column\">\n<p>Fortalecimiento de Instituciones pu\u0301blicas que son pilares del Subsistema Nacional de la Calidad en Colombia, asi\u0301 como de prestadores de servicios de evaluacio\u0301n de la conformidad que brindan apoyo a la cadena de qui\u0301micos.<\/p>\n<\/div>\n<\/div>\n<\/div>\n<p>[\/vc_column_text][vc_empty_space][vc_custom_heading text=&#8221;- Subsistema Nacional de la Calidad (SICAL) -&#8221; font_container=&#8221;tag:h5|text_align:center|color:%23c02359&#8243; use_theme_fonts=&#8221;yes&#8221; css=&#8221;.vc_custom_1561752100234{padding-top: 10px !important;padding-bottom: 10px !important;}&#8221;][vc_empty_space][vc_single_image image=&#8221;12825&#8243; img_size=&#8221;full&#8221; alignment=&#8221;right&#8221;][vc_empty_space][vc_custom_heading text=&#8221;- Laboratorios de Ensayo \/ Organismos Evaluadores de la Conformidad -&#8221; font_container=&#8221;tag:h5|text_align:center|color:%23c02359&#8243; use_theme_fonts=&#8221;yes&#8221; css=&#8221;.vc_custom_1561752193690{padding-top: 10px !important;padding-bottom: 10px !important;}&#8221;][vc_empty_space][vc_single_image image=&#8221;12822&#8243; img_size=&#8221;full&#8221; alignment=&#8221;right&#8221;][vc_empty_space][vc_custom_heading text=&#8221;Promocio\u0301n de la cultura de calidad&#8221; font_container=&#8221;tag:h4|text_align:center|color:%23c02359&#8243; use_theme_fonts=&#8221;yes&#8221; css=&#8221;.vc_custom_1559770718595{padding-top: 10px !important;padding-bottom: 10px !important;}&#8221;][vc_empty_space][vc_column_text]<\/p>\n<div class=\"page\" title=\"Page 7\">\n<div class=\"layoutArea\">\n<div class=\"column\">\n<p>Fomento de la cultura de calidad entre actores pu\u0301blicos y privados, a trave\u0301s de un mayor conocimiento de los beneficios de la calidad en el desarrollo productivo y la proteccio\u0301n del consumidor.<\/p>\n<\/div>\n<\/div>\n<\/div>\n<p>[\/vc_column_text][vc_single_image image=&#8221;12823&#8243; img_size=&#8221;full&#8221; alignment=&#8221;right&#8221;][\/vc_column_inner][\/vc_row_inner][\/vc_column][\/vc_row][\/vc_section][vc_row el_id=&#8221;aliados&#8221;][vc_column][vc_empty_space height=&#8221;80px&#8221;][\/vc_column][\/vc_row][vc_row full_width=&#8221;stretch_row&#8221; css=&#8221;.vc_custom_1557986101157{background-position: center !important;background-repeat: no-repeat !important;background-size: cover !important;}&#8221;][vc_column][vc_custom_heading text=&#8221;Contrapartes y aliados&#8221; font_container=&#8221;tag:h1|text_align:center|color:%235f327a&#8221; use_theme_fonts=&#8221;yes&#8221;][vc_empty_space height=&#8221;2px&#8221; css=&#8221;.vc_custom_1558550723165{border-bottom-width: 2px !important;border-bottom-color: #000000 !important;border-bottom-style: solid !important;}&#8221;][vc_empty_space height=&#8221;50px&#8221;][vc_custom_heading text=&#8221;Contrapartes GQSP:&#8221; font_container=&#8221;tag:h4|text_align:left&#8221; use_theme_fonts=&#8221;yes&#8221;][vc_empty_space][vc_row_inner][vc_column_inner width=&#8221;1\/4&#8243; css=&#8221;.vc_custom_1558496689734{padding-top: 20% !important;}&#8221;][vc_single_image image=&#8221;11947&#8243; img_size=&#8221;full&#8221;][\/vc_column_inner][vc_column_inner width=&#8221;3\/4&#8243;][vc_column_text]<\/p>\n<h4>La Organizaci\u00f3n de las Naciones Unidas para el Desarrollo Industrial (ONUDI)<\/h4>\n<p>Est\u00e1 decidida en su contribuci\u00f3n a la Agenda 2030 y al logro de los ODS mediante la promoci\u00f3n y aceleraci\u00f3n del <a href=\"https:\/\/www.unido.org\/sites\/default\/files\/2014-05\/ISID-Brochure_es-LowRes_0.pdf\">desarrollo industrial inclusivo y sostenible (ISID)<\/a> para lograr la prosperidad compartida y la sostenibilidad ambiental en todo el mundo. Onudi cumple un rol clave en la lucha para acabar con la pobreza, a la vez que sus actividades contribuyen a numerosos Objetivos relacionados con las personas, la prosperidad, el planeta, la paz y la cooperaci\u00f3n. Su mandato est\u00e1 incorporado en el Objetivo de Desarrollo Sostenible 9: Construir infraestructuras resilientes, promover la industrializaci\u00f3n inclusiva y sostenible y fomentar la innovaci\u00f3n<\/p>\n<p><a href=\"https:\/\/www.unido.org\">www.unido.org<\/a>[\/vc_column_text][\/vc_column_inner][\/vc_row_inner][vc_row_inner][vc_column_inner width=&#8221;1\/4&#8243; css=&#8221;.vc_custom_1558496767771{padding-top: 10% !important;}&#8221;][vc_single_image image=&#8221;11948&#8243; img_size=&#8221;large&#8221;][\/vc_column_inner][vc_column_inner width=&#8221;3\/4&#8243;][vc_column_text]<\/p>\n<h4>Confederaci\u00f3n Suiza &#8211; Secretar\u00eda de Estado para Asuntos Econ\u00f3micos (SECO)<\/h4>\n<p>La divisi\u00f3n de Cooperaci\u00f3n y Desarrollo Econ\u00f3mico SECO es responsable de la elaboraci\u00f3n y realizaci\u00f3n de medidas econ\u00f3micas y pol\u00edticas comerciales con pa\u00edses socios. Sus objetivos principales son la integraci\u00f3n de pa\u00edses socios en la econom\u00eda mundial y el fomento de su crecimiento econ\u00f3mico sostenible. De esta manera SECO hace un aporte a la disminuci\u00f3n de la pobreza. Colombia hace parte del grupo de ocho pa\u00edses prioritarios para la cooperaci\u00f3n econ\u00f3mica, los cuales pertenecen a la categor\u00eda de pa\u00edses en desarrollo de ingresos medios.<\/p>\n<p><a class=\"DbQRg\" href=\"https:\/\/www.seco.admin.ch\/seco\/en\/home\/Aussenwirtschaftspolitik_Wirtschaftliche_Zusammenarbeit\/Wirtschaftliche_Zusammenarbeit_Entwicklung.html\" target=\"_blank\" rel=\"nofollow noopener noreferrer\">www.seco.admin.ch<\/a>[\/vc_column_text][\/vc_column_inner][\/vc_row_inner][vc_empty_space][vc_custom_heading text=&#8221;Contraparte nacional:&#8221; font_container=&#8221;tag:h4|text_align:left&#8221; use_theme_fonts=&#8221;yes&#8221;][vc_empty_space][vc_row_inner][vc_column_inner width=&#8221;1\/4&#8243;][vc_single_image image=&#8221;16519&#8243; img_size=&#8221;large&#8221; alignment=&#8221;center&#8221;][\/vc_column_inner][vc_column_inner width=&#8221;3\/4&#8243;][vc_column_text]<\/p>\n<h4>Ministerio de Comercio, Industria y Turismo<\/h4>\n<p>Apoya la actividad empresarial, productora de bienes, servicios\u00a0 y tecnolog\u00eda, as\u00ed como la gesti\u00f3n tur\u00edstica de las regiones del pa\u00eds para mejorar su competitividad y su sostenibilidad e incentivar la generaci\u00f3n de mayor valor agregado.<\/p>\n<p><a href=\"http:\/\/www.mincit.gov.co\/\">www.mincit.gov.co<\/a>[\/vc_column_text][\/vc_column_inner][\/vc_row_inner][vc_row_inner][vc_column_inner width=&#8221;1\/4&#8243; css=&#8221;.vc_custom_1558496630635{padding-top: 25% !important;}&#8221;][vc_single_image image=&#8221;13008&#8243; img_size=&#8221;medium&#8221;][\/vc_column_inner][vc_column_inner width=&#8221;3\/4&#8243;][vc_column_text]<\/p>\n<h4>Colombia Productiva<\/h4>\n<p>Tiene como prop\u00f3sito ser uno de los brazos ejecutores de la Pol\u00edtica Industrial del pa\u00eds, ayudando a la industria y sus empresas a producir m\u00e1s, con mejor calidad y mayor valor agregado, para que sea m\u00e1s productiva y competitiva, con la capacidad de responder a las exigencias de la demanda mundial. Tambi\u00e9n es un articulador de la gesti\u00f3n de entidades p\u00fablicas y organizaciones privadas de car\u00e1cter\u00a0 regional, nacional e internacional con el objetivo de superar los cuellos de botella comerciales, normativos, arancelarios y no arancelarios que afectan la productividad y competitividad de la industria, especialmente de sectores que han sido identificados como importantes o estrat\u00e9gicos para el desarrollo productivo del pa\u00eds.<\/p>\n<p><a href=\"https:\/\/www.ptp.com.co\">www.ptp.com.co<\/a>[\/vc_column_text][vc_column_text el_id=&#8221;descrip&#8221;]<strong>Descricpiones tomadas de:<\/strong><\/p>\n<p>*ONUDI: https:\/\/www.unido.org\/sites\/default\/files\/files\/2017-11\/UNIDO_GQSP.PDF<br \/>\n*SECO: https:\/\/www.eda.admin.ch\/dam\/countries\/countries-content\/colombia\/es\/Folleto%20SECO%202013%20Final%20Version.pdf<br \/>\n*Colombia Productiva: https:\/\/www.ptp.com.co\/conozcanos\/que-hace-ptp[\/vc_column_text][\/vc_column_inner][\/vc_row_inner][vc_row_inner][vc_column_inner][vc_column_text]<\/p>\n<h4 style=\"text-align: center;\">Aliados:<\/h4>\n<p>[\/vc_column_text][\/vc_column_inner][\/vc_row_inner][vc_row_inner][vc_column_inner width=&#8221;1\/5&#8243;][\/vc_column_inner][vc_column_inner width=&#8221;1\/5&#8243;][vc_single_image image=&#8221;11048&#8243; img_size=&#8221;full&#8221; alignment=&#8221;center&#8221;][\/vc_column_inner][vc_column_inner width=&#8221;1\/5&#8243;][vc_single_image image=&#8221;11049&#8243; img_size=&#8221;full&#8221; alignment=&#8221;center&#8221;][\/vc_column_inner][vc_column_inner width=&#8221;1\/5&#8243;][vc_single_image image=&#8221;11050&#8243; img_size=&#8221;full&#8221; alignment=&#8221;center&#8221;][\/vc_column_inner][vc_column_inner width=&#8221;1\/5&#8243;][\/vc_column_inner][\/vc_row_inner][\/vc_column][\/vc_row][vc_row el_id=&#8221;team&#8221;][vc_column][vc_empty_space height=&#8221;100px&#8221;][\/vc_column][\/vc_row][vc_row full_width=&#8221;stretch_row&#8221; css=&#8221;.vc_custom_1557863037310{background-color: #fafafa !important;}&#8221;][vc_column][vc_custom_heading text=&#8221;Nuestro equipo&#8221; font_container=&#8221;tag:h1|text_align:center|color:%234f5a6f&#8221; use_theme_fonts=&#8221;yes&#8221;][vc_empty_space height=&#8221;2px&#8221; css=&#8221;.vc_custom_1558550723165{border-bottom-width: 2px !important;border-bottom-color: #000000 !important;border-bottom-style: solid !important;}&#8221;][vc_empty_space][vc_column_text]El equipo de implementaci\u00f3n del proyecto est\u00e1 conformado por personal de ONUDI, consultores nacionales e internacionales.[\/vc_column_text][vc_empty_space][rt_team_style style_variation=&#8221;eleven&#8221; autoplay_timeout=&#8221;6&#8243; order=&#8221;ASC&#8221; posts_in_tab=&#8221;1&#8243;][vc_empty_space][\/vc_column][\/vc_row][vc_section][vc_row full_width=&#8221;stretch_row&#8221; css=&#8221;.vc_custom_1558548510001{background-image: url(https:\/\/gqspcolombia.org\/fase1-quimicos\/wp-content\/uploads\/2019\/05\/senefa.jpg?id=11945) !important;background-position: center !important;background-repeat: no-repeat !important;background-size: contain !important;}&#8221;][vc_column][vc_empty_space height=&#8221;4px&#8221;][\/vc_column][\/vc_row][vc_row content_placement=&#8221;middle&#8221;][vc_column width=&#8221;1\/4&#8243;][vc_single_image image=&#8221;11947&#8243; img_size=&#8221;full&#8221; alignment=&#8221;center&#8221;][\/vc_column][vc_column width=&#8221;1\/4&#8243;][vc_single_image image=&#8221;11948&#8243; img_size=&#8221;full&#8221; alignment=&#8221;center&#8221;][\/vc_column][vc_column width=&#8221;1\/4&#8243;][vc_single_image image=&#8221;16519&#8243; img_size=&#8221;large&#8221; alignment=&#8221;center&#8221;][\/vc_column][vc_column width=&#8221;1\/4&#8243;][vc_single_image image=&#8221;13008&#8243; img_size=&#8221;full&#8221; alignment=&#8221;center&#8221;][\/vc_column][\/vc_row][vc_row full_width=&#8221;stretch_row&#8221; css=&#8221;.vc_custom_1558548489954{background-image: url(https:\/\/gqspcolombia.org\/fase1-quimicos\/wp-content\/uploads\/2019\/05\/senefa.jpg?id=11945) !important;background-position: center !important;background-repeat: no-repeat !important;background-size: contain !important;}&#8221;][vc_column][vc_empty_space height=&#8221;4px&#8221;][\/vc_column][\/vc_row][\/vc_section]<\/p>\n<\/div>","protected":false},"excerpt":{"rendered":"<p>[vc_section full_width=&#8221;stretch_row&#8221; css=&#8221;.vc_custom_1559766644520{background-image: url(https:\/\/gqspcolombia.org\/fase1-quimicos\/wp-content\/uploads\/2019\/05\/fondo-gra.jpg?id=12404) !important;background-position: center !important;background-repeat: no-repeat !important;background-size: cover !important;}&#8221;][vc_row full_width=&#8221;stretch_row&#8221; css=&#8221;.vc_custom_1559780527424{background-position: center !important;background-repeat: no-repeat !important;background-size: cover !important;}&#8221;][vc_column][vc_custom_heading text=&#8221;\u00bfQu\u00e9 es?&#8221; font_container=&#8221;tag:h1|text_align:center|color:%23981f65&#8243; use_theme_fonts=&#8221;yes&#8221;][vc_empty_space height=&#8221;2px&#8221; css=&#8221;.vc_custom_1558550723165{border-bottom-width: 2px !important;border-bottom-color: #000000 !important;border-bottom-style: solid !important;}&#8221;][vc_empty_space][vc_column_text] GQSP Colombia &#8211; Programa de Calidad para la Cadena de Qui\u0301micos, es un proyecto pai\u0301s del Programa Global de Calidad y Normas, que adema\u0301s [&hellip;]<\/p>\n","protected":false},"author":1,"featured_media":0,"parent":0,"menu_order":0,"comment_status":"closed","ping_status":"closed","template":"","meta":{"footnotes":"","_links_to":"","_links_to_target":""},"class_list":["post-10529","page","type-page","status-publish","hentry"],"_links":{"self":[{"href":"https:\/\/gqspcolombia.org\/fase1-quimicos\/wp-json\/wp\/v2\/pages\/10529","targetHints":{"allow":["GET"]}}],"collection":[{"href":"https:\/\/gqspcolombia.org\/fase1-quimicos\/wp-json\/wp\/v2\/pages"}],"about":[{"href":"https:\/\/gqspcolombia.org\/fase1-quimicos\/wp-json\/wp\/v2\/types\/page"}],"author":[{"embeddable":true,"href":"https:\/\/gqspcolombia.org\/fase1-quimicos\/wp-json\/wp\/v2\/users\/1"}],"replies":[{"embeddable":true,"href":"https:\/\/gqspcolombia.org\/fase1-quimicos\/wp-json\/wp\/v2\/comments?post=10529"}],"version-history":[{"count":0,"href":"https:\/\/gqspcolombia.org\/fase1-quimicos\/wp-json\/wp\/v2\/pages\/10529\/revisions"}],"wp:attachment":[{"href":"https:\/\/gqspcolombia.org\/fase1-quimicos\/wp-json\/wp\/v2\/media?parent=10529"}],"curies":[{"name":"wp","href":"https:\/\/api.w.org\/{rel}","templated":true}]}}